{"id":90,"date":"2020-04-09T15:24:01","date_gmt":"2020-04-09T13:24:01","guid":{"rendered":"http:\/\/www.pizzerialarouelibre.fr\/?page_id=90"},"modified":"2024-02-22T10:34:41","modified_gmt":"2024-02-22T09:34:41","slug":"la-roue-libre","status":"publish","type":"page","link":"https:\/\/www.pizzerialarouelibre.fr\/?page_id=90","title":{"rendered":"La Roue Libre"},"content":{"rendered":"\t\t<div data-elementor-type=\"wp-page\" data-elementor-id=\"90\" class=\"elementor elementor-90\" data-elementor-settings=\"[]\">\n\t\t\t\t\t\t<div class=\"elementor-inner\">\n\t\t\t\t\t\t\t<div class=\"elementor-section-wrap\">\n\t\t\t\t\t\t\t<section class=\"elementor-section elementor-top-section elementor-element elementor-element-a2340be elementor-section-boxed elementor-section-height-default elementor-section-height-default\" data-id=\"a2340be\" data-element_type=\"section\">\n\t\t\t\t\t\t<div class=\"elementor-container elementor-column-gap-default\">\n\t\t\t\t\t\t\t<div class=\"elementor-row\">\n\t\t\t\t\t<div class=\"elementor-column elementor-col-100 elementor-top-column elementor-element elementor-element-4477e97\" data-id=\"4477e97\" data-element_type=\"column\">\n\t\t\t<div class=\"elementor-column-wrap elementor-element-populated\">\n\t\t\t\t\t\t\t<div class=\"elementor-widget-wrap\">\n\t\t\t\t\t\t<div class=\"elementor-element elementor-element-b8e738b elementor-widget elementor-widget-heading\" data-id=\"b8e738b\" data-element_type=\"widget\" data-widget_type=\"heading.default\">\n\t\t\t\t<div class=\"elementor-widget-container\">\n\t\t\t<h2 class=\"elementor-heading-title elementor-size-large\">LA ROUE LIBRE<\/h2>\t\t<\/div>\n\t\t\t\t<\/div>\n\t\t\t\t\t\t<\/div>\n\t\t\t\t\t<\/div>\n\t\t<\/div>\n\t\t\t\t\t\t\t\t<\/div>\n\t\t\t\t\t<\/div>\n\t\t<\/section>\n\t\t\t\t<section class=\"elementor-section elementor-top-section elementor-element elementor-element-08872bd elementor-section-boxed elementor-section-height-default elementor-section-height-default\" data-id=\"08872bd\" data-element_type=\"section\">\n\t\t\t\t\t\t<div class=\"elementor-container elementor-column-gap-default\">\n\t\t\t\t\t\t\t<div class=\"elementor-row\">\n\t\t\t\t\t<div class=\"elementor-column elementor-col-33 elementor-top-column elementor-element elementor-element-6cdd83a\" data-id=\"6cdd83a\" data-element_type=\"column\">\n\t\t\t<div class=\"elementor-column-wrap elementor-element-populated\">\n\t\t\t\t\t\t\t<div class=\"elementor-widget-wrap\">\n\t\t\t\t\t\t<div class=\"elementor-element elementor-element-67d7dcc elementor-widget elementor-widget-image\" data-id=\"67d7dcc\" data-element_type=\"widget\" data-widget_type=\"image.default\">\n\t\t\t\t<div class=\"elementor-widget-container\">\n\t\t\t\t\t<div class=\"elementor-image\">\n\t\t\t\t\t\t\t\t\t\t<img decoding=\"async\" src=\"https:\/\/www.pizzerialarouelibre.fr\/wp-content\/uploads\/elementor\/thumbs\/pizza-oo0ejhaqve4xejbxda08p90k8n52x6qxol6xr5thq8.jpg\" title=\"pizza\" alt=\"pizza\" \/>\t\t\t\t\t\t\t\t\t\t\t<\/div>\n\t\t\t\t<\/div>\n\t\t\t\t<\/div>\n\t\t\t\t\t\t<\/div>\n\t\t\t\t\t<\/div>\n\t\t<\/div>\n\t\t\t\t<div class=\"elementor-column elementor-col-33 elementor-top-column elementor-element elementor-element-039fa0c\" data-id=\"039fa0c\" data-element_type=\"column\">\n\t\t\t<div class=\"elementor-column-wrap elementor-element-populated\">\n\t\t\t\t\t\t\t<div class=\"elementor-widget-wrap\">\n\t\t\t\t\t\t<div class=\"elementor-element elementor-element-16ab10d elementor-widget elementor-widget-text-editor\" data-id=\"16ab10d\" data-element_type=\"widget\" data-widget_type=\"text-editor.default\">\n\t\t\t\t<div class=\"elementor-widget-container\">\n\t\t\t\t\t<div class=\"elementor-text-editor elementor-clearfix\"><p>L&#8217;id\u00e9e : une pizzeria ambulante gr\u00e2ce \u00e0 un <strong>v\u00e9lo-triporteur<\/strong>. Depuis le printemps 2018, il stationne \u00e0 certains points cl\u00e9s de notre m\u00e9tropole pour r\u00e9galer les habitants : Baazar St So, porte de Valenciennes, Euratechnologies, Place Van Hoenacker, F\u00e2ches-Thumesnil<\/p>\n<p>Au menu, on retrouve g\u00e9n\u00e9ralement<strong> cinq pizzas<\/strong>&nbsp;:&nbsp;<strong>la margherita, la margherita revisit\u00e9e, une pizza 100% saison, une pizza champignons la 4 fromages <\/strong>le tout avec des l\u00e9gumes de saisons ( qui proviennent de mara\u00eechers locaux !).<\/p><\/div>\n\t\t\t\t<\/div>\n\t\t\t\t<\/div>\n\t\t\t\t\t\t<\/div>\n\t\t\t\t\t<\/div>\n\t\t<\/div>\n\t\t\t\t<div class=\"elementor-column elementor-col-33 elementor-top-column elementor-element elementor-element-07a684d\" data-id=\"07a684d\" data-element_type=\"column\">\n\t\t\t<div class=\"elementor-column-wrap elementor-element-populated\">\n\t\t\t\t\t\t\t<div class=\"elementor-widget-wrap\">\n\t\t\t\t\t\t<div class=\"elementor-element elementor-element-ae61abf elementor-widget elementor-widget-image\" data-id=\"ae61abf\" data-element_type=\"widget\" data-widget_type=\"image.default\">\n\t\t\t\t<div class=\"elementor-widget-container\">\n\t\t\t\t\t<div class=\"elementor-image\">\n\t\t\t\t\t\t\t\t\t\t<img decoding=\"async\" src=\"https:\/\/www.pizzerialarouelibre.fr\/wp-content\/uploads\/elementor\/thumbs\/velo-pizza-oo0ejeh8aw12fpg0tqsczrq6ghiza3fqo78hbbxo8w.jpg\" title=\"velo-pizza\" alt=\"velo-pizza\" \/>\t\t\t\t\t\t\t\t\t\t\t<\/div>\n\t\t\t\t<\/div>\n\t\t\t\t<\/div>\n\t\t\t\t\t\t<\/div>\n\t\t\t\t\t<\/div>\n\t\t<\/div>\n\t\t\t\t\t\t\t\t<\/div>\n\t\t\t\t\t<\/div>\n\t\t<\/section>\n\t\t\t\t\t\t<\/div>\n\t\t\t\t\t\t<\/div>\n\t\t\t\t\t<\/div>\n\t\t","protected":false},"excerpt":{"rendered":"<p>LA ROUE LIBRE L&#8217;id\u00e9e : une pizzeria ambulante gr\u00e2ce \u00e0 un v\u00e9lo-triporteur. Depuis le printemps 2018, il stationne \u00e0 certains points cl\u00e9s de notre m\u00e9tropole pour r\u00e9galer les habitants : Baazar St So, porte de Valenciennes, Euratechnologies, Place Van Hoenacker, F\u00e2ches-Thumesnil Au menu, on retrouve g\u00e9n\u00e9ralement cinq pizzas&nbsp;:&nbsp;la margherita, la margherita revisit\u00e9e, une pizza 100% [&hellip;]<\/p>\n","protected":false},"author":1,"featured_media":0,"parent":0,"menu_order":0,"comment_status":"closed","ping_status":"closed","template":"","meta":{"footnotes":""},"class_list":["post-90","page","type-page","status-publish","hentry","entry"],"_links":{"self":[{"href":"https:\/\/www.pizzerialarouelibre.fr\/index.php?rest_route=\/wp\/v2\/pages\/90","targetHints":{"allow":["GET"]}}],"collection":[{"href":"https:\/\/www.pizzerialarouelibre.fr\/index.php?rest_route=\/wp\/v2\/pages"}],"about":[{"href":"https:\/\/www.pizzerialarouelibre.fr\/index.php?rest_route=\/wp\/v2\/types\/page"}],"author":[{"embeddable":true,"href":"https:\/\/www.pizzerialarouelibre.fr\/index.php?rest_route=\/wp\/v2\/users\/1"}],"replies":[{"embeddable":true,"href":"https:\/\/www.pizzerialarouelibre.fr\/index.php?rest_route=%2Fwp%2Fv2%2Fcomments&post=90"}],"version-history":[{"count":34,"href":"https:\/\/www.pizzerialarouelibre.fr\/index.php?rest_route=\/wp\/v2\/pages\/90\/revisions"}],"predecessor-version":[{"id":1869,"href":"https:\/\/www.pizzerialarouelibre.fr\/index.php?rest_route=\/wp\/v2\/pages\/90\/revisions\/1869"}],"wp:attachment":[{"href":"https:\/\/www.pizzerialarouelibre.fr\/index.php?rest_route=%2Fwp%2Fv2%2Fmedia&parent=90"}],"curies":[{"name":"wp","href":"https:\/\/api.w.org\/{rel}","templated":true}]}}